{"id":69,"date":"2014-02-24T12:12:35","date_gmt":"2014-02-24T11:12:35","guid":{"rendered":"http:\/\/sahani.es\/?page_id=69"},"modified":"2014-02-24T13:06:33","modified_gmt":"2014-02-24T12:06:33","slug":"l-somatoemocional","status":"publish","type":"page","link":"https:\/\/sahani.es\/?page_id=69","title":{"rendered":"L. SomatoEmocional"},"content":{"rendered":"<p>La liberaci\u00f3n Somato-Emocional es un tipo de tratamiento avanzado de la terapia Craneosacral que facilita la liberaci\u00f3n de tensiones f\u00edsicas del cuerpo de origen emocional.<\/p>\n<p>Las emociones negativas son una alteraci\u00f3n en el sistema energ\u00e9tico del organismo. Al estar nuestros dolores f\u00edsicos y enfermedades \u00edntimamente conectados con nuestras emociones, son precisamente estas emociones sin resolver las causantes de dichas dolencias.<\/p>\n<p>Esta terapia nace de la idea de que los tejidos tienen memoria. Cuando se vive alg\u00fan tipo de trauma o situaci\u00f3n conflictiva como un accidente o experiencia con alto grado de emotividad, el cuerpo reacciona de una manera o de otra dependiendo del estado emocional de la persona en el momento de sufrir la lesi\u00f3n. Si en ese preciso momento pesan sobre la persona sentimientos fuertemente negativos como la rabia, miedo, rencor, etc. la energ\u00eda que penetra durante la lesi\u00f3n se concentra en una zona corporal del paciente que lleva siempre una carga energ\u00e9tica y a esto se le conoce como Quiste energ\u00e9tico.<\/p>\n<p>El Quiste Energ\u00e9tico se forma cuando todas esas emociones producidas por experiencias pasadas que no somos capaces de contar a nadie o de entenderlas, se quedan grabadas en nuestros tejidos a lo largo de la vida. Las positivas nos ayudan a crecer, nos estimulan y podemos acercarnos a ellas. Las negativas, por el contrario, las enterramos en lo m\u00e1s profundo de nuestro subconsciente para evitarnos dolor y sufrimiento. Estas vivencias que nos deprimen y hunden nos sirven sin embargo para aprender y evolucionar a pesar de no entender el mensaje que subyace detr\u00e1s. Si por el contrario evitamos mirarlas y enfrentarnos a ellas terminamos guard\u00e1ndolas de una forma patol\u00f3gica siendo entonces cuando surge la se\u00f1al de alarma de que algo va mal y que el cuerpo nos transmite en forma de malestar, dolencia o enfermedad.<\/p>\n<p>La liberaci\u00f3n somatoemocional es una terapia que ayuda al paciente a localizar esos quistes disolvi\u00e9ndolos, con lo que los problemas funcionales derivados de ellos se pueden normalizar y los s\u00edntomas que est\u00e1n relacionados con ellas se reducen.<\/p>\n","protected":false},"excerpt":{"rendered":"<p>La liberaci\u00f3n Somato-Emocional es un tipo de tratamiento avanzado de la terapia Craneosacral que facilita la liberaci\u00f3n de tensiones f\u00edsicas del cuerpo de origen emocional. Las emociones negativas son una alteraci\u00f3n en el sistema energ\u00e9tico del organismo. Al estar nuestros dolores f\u00edsicos y enfermedades \u00edntimamente conectados con nuestras emociones, son precisamente estas emociones sin resolver [&hellip;]<\/p>\n","protected":false},"author":1,"featured_media":0,"parent":71,"menu_order":3,"comment_status":"open","ping_status":"open","template":"","meta":{"footnotes":""},"class_list":["post-69","page","type-page","status-publish","hentry"],"_links":{"self":[{"href":"https:\/\/sahani.es\/index.php?rest_route=\/wp\/v2\/pages\/69","targetHints":{"allow":["GET"]}}],"collection":[{"href":"https:\/\/sahani.es\/index.php?rest_route=\/wp\/v2\/pages"}],"about":[{"href":"https:\/\/sahani.es\/index.php?rest_route=\/wp\/v2\/types\/page"}],"author":[{"embeddable":true,"href":"https:\/\/sahani.es\/index.php?rest_route=\/wp\/v2\/users\/1"}],"replies":[{"embeddable":true,"href":"https:\/\/sahani.es\/index.php?rest_route=%2Fwp%2Fv2%2Fcomments&post=69"}],"version-history":[{"count":2,"href":"https:\/\/sahani.es\/index.php?rest_route=\/wp\/v2\/pages\/69\/revisions"}],"predecessor-version":[{"id":86,"href":"https:\/\/sahani.es\/index.php?rest_route=\/wp\/v2\/pages\/69\/revisions\/86"}],"up":[{"embeddable":true,"href":"https:\/\/sahani.es\/index.php?rest_route=\/wp\/v2\/pages\/71"}],"wp:attachment":[{"href":"https:\/\/sahani.es\/index.php?rest_route=%2Fwp%2Fv2%2Fmedia&parent=69"}],"curies":[{"name":"wp","href":"https:\/\/api.w.org\/{rel}","templated":true}]}}