{"id":73,"date":"2014-02-24T12:21:08","date_gmt":"2014-02-24T11:21:08","guid":{"rendered":"http:\/\/sahani.es\/?page_id=73"},"modified":"2014-02-24T13:11:31","modified_gmt":"2014-02-24T12:11:31","slug":"t-craneosacral","status":"publish","type":"page","link":"https:\/\/sahani.es\/?page_id=73","title":{"rendered":"T. CraneoSacral"},"content":{"rendered":"<p>La terapia Craneosacral es una t\u00e9cnica manual y sutil, al tiempo que suave y profunda. Su funci\u00f3n consiste en la detecci\u00f3n de \u00e1reas de restricci\u00f3n o congesti\u00f3n en el cuerpo\u00a0 que limita el buen funcionamiento de la totalidad de la persona, desde disfunciones f\u00edsicas, hasta emocionales o ps\u00edquicas.<\/p>\n<p>El sistema Craneosacral acoge los huesos del cr\u00e1neo, cuello, columna vertebral, pelvis, sacro. Tambi\u00e9n engloba los tejidos, \u00f3rganos corporales y el l\u00edquido cefalorraqu\u00eddeo que es el que determina el estado de salud y vitalidad de la persona.<\/p>\n<p>La funci\u00f3n vital del sistema\u00a0 Cr\u00e1neosacral es mantener\u00a0 el medio en el que se mueve el Sistema Nervioso tanto el central como el perif\u00e9rico. Este sistema es el m\u00e1s complejo y si cabe, el m\u00e1s necesario para el funcionamiento de cada parte del cuerpo. Por ello est\u00e1 protegido, entre otras envolturas, por las meninges que son fundas membranosas que lo envuelven. En su interior flotan en l\u00edquido cefalorraqu\u00eddeo el cerebro, cerebelo, t\u00e1lamo\u2026 adem\u00e1s de la m\u00e9dula espinal hasta el sacro.<\/p>\n<p>Este l\u00edquido no est\u00e1 estancado sino que como todo fluido corporal, tiene un sistema de producci\u00f3n y reciclaje que es bombeado y reabsorbido a un ritmo constante, es decir, tiene su pulso propio al igual que el ritmo cardiovascular o el\u00a0 respiratorio siendo todos independientes. Es precisamente la potencia y calidad con la que emerge y se transmite este impulso a todo el organismo el que determina su estado de salud y vitalidad.<\/p>\n<p>La terapia Craneosacral parte de la base de que los tejidos del cuerpo humano son sabios y necesitan su tiempo para restablecer el equilibrio tras un trauma y ayuda en el proceso de autocuraci\u00f3n.<\/p>\n","protected":false},"excerpt":{"rendered":"<p>La terapia Craneosacral es una t\u00e9cnica manual y sutil, al tiempo que suave y profunda. Su funci\u00f3n consiste en la detecci\u00f3n de \u00e1reas de restricci\u00f3n o congesti\u00f3n en el cuerpo\u00a0 que limita el buen funcionamiento de la totalidad de la persona, desde disfunciones f\u00edsicas, hasta emocionales o ps\u00edquicas. El sistema Craneosacral acoge los huesos del [&hellip;]<\/p>\n","protected":false},"author":1,"featured_media":0,"parent":71,"menu_order":2,"comment_status":"open","ping_status":"open","template":"","meta":{"footnotes":""},"class_list":["post-73","page","type-page","status-publish","hentry"],"_links":{"self":[{"href":"https:\/\/sahani.es\/index.php?rest_route=\/wp\/v2\/pages\/73","targetHints":{"allow":["GET"]}}],"collection":[{"href":"https:\/\/sahani.es\/index.php?rest_route=\/wp\/v2\/pages"}],"about":[{"href":"https:\/\/sahani.es\/index.php?rest_route=\/wp\/v2\/types\/page"}],"author":[{"embeddable":true,"href":"https:\/\/sahani.es\/index.php?rest_route=\/wp\/v2\/users\/1"}],"replies":[{"embeddable":true,"href":"https:\/\/sahani.es\/index.php?rest_route=%2Fwp%2Fv2%2Fcomments&post=73"}],"version-history":[{"count":5,"href":"https:\/\/sahani.es\/index.php?rest_route=\/wp\/v2\/pages\/73\/revisions"}],"predecessor-version":[{"id":89,"href":"https:\/\/sahani.es\/index.php?rest_route=\/wp\/v2\/pages\/73\/revisions\/89"}],"up":[{"embeddable":true,"href":"https:\/\/sahani.es\/index.php?rest_route=\/wp\/v2\/pages\/71"}],"wp:attachment":[{"href":"https:\/\/sahani.es\/index.php?rest_route=%2Fwp%2Fv2%2Fmedia&parent=73"}],"curies":[{"name":"wp","href":"https:\/\/api.w.org\/{rel}","templated":true}]}}